{"id":406,"date":"2025-08-17T19:32:11","date_gmt":"2025-08-17T19:32:11","guid":{"rendered":"https:\/\/pvabay.com\/es\/?post_type=product&#038;p=406"},"modified":"2025-08-18T07:33:02","modified_gmt":"2025-08-18T07:33:02","slug":"google-reviews","status":"publish","type":"product","link":"https:\/\/pvabay.com\/es\/?product=google-reviews","title":{"rendered":"Rese\u00f1as de Google"},"content":{"rendered":"<p><strong>Compra rese\u00f1as aut\u00e9nticas de 5 estrellas en Google: aumenta la credibilidad de tu negocio<\/strong><\/p>\n<p>En el mundo digital actual, la primera impresi\u00f3n lo es todo, y para la mayor\u00eda de los clientes, esa primera impresi\u00f3n comienza con las rese\u00f1as de Google. Ya sea que tengas una tienda local, un negocio en l\u00ednea o una empresa de servicios, tener buenas calificaciones en Google es esencial para generar confianza y atraer nuevos clientes. Ah\u00ed es donde entramos nosotros.<\/p>\n<p>Ofrecemos rese\u00f1as aut\u00e9nticas de 5 estrellas en Google, escritas a mano por personas reales, no por bots, perfiles falsos ni IA. Nuestras rese\u00f1as se crean a trav\u00e9s de una red de amigos y un equipo de confianza, cada uno con sus propias conexiones, lo que garantiza que cada rese\u00f1a provenga de un usuario genuino y activo. Estas son rese\u00f1as seguras y duraderas, dise\u00f1adas espec\u00edficamente para tu negocio, tu nicho y tu estilo.<\/p>\n<p><strong>\u2705 \u00bfPor qu\u00e9 elegir nuestro servicio de rese\u00f1as de Google?<\/strong><\/p>\n<p><strong>1. Rese\u00f1as 100 % aut\u00e9nticas:<\/strong><\/p>\n<p>No usamos cuentas falsas ni automatizaciones. Cada rese\u00f1a es escrita y publicada manualmente por personas reales, con cuentas de Google reales. Nuestro equipo y su amplia red se comprometen a mantener la calidad y la confianza.<\/p>\n<p><strong>2. Personalizado para tu negocio:<\/strong><\/p>\n<p>Adaptamos cada rese\u00f1a a tu sector y servicios. Ya seas un restaurante, un sitio web de comercio electr\u00f3nico, un profesional independiente o un negocio local, nuestras rese\u00f1as destacan las fortalezas de tu marca.<\/p>\n<p><strong>3. Solo calificaciones de cinco estrellas:<\/strong><\/p>\n<p>Nos centramos en ofrecer rese\u00f1as positivas de 5 estrellas que te ayuden a mejorar tu calificaci\u00f3n general y a generar confianza en los clientes.<\/p>\n<p><strong>4. Seguro y Permanente:<\/strong><\/p>\n<p>Como nuestras rese\u00f1as se env\u00edan desde diferentes dispositivos y ubicaciones, con cuentas reales, Google las oculta. Esto significa que no hay eliminaciones ni penalizaciones: solo resultados duraderos.<\/p>\n<p><strong>5. Entrega r\u00e1pida y puntual:<\/strong><\/p>\n<p>T\u00fa estableces el plazo y nosotros te lo entregamos. Ya sea que quieras todas las rese\u00f1as a la vez o repartidas en varios d\u00edas, nos encargamos.<\/p>\n<p><strong>Con la confianza de muchos<\/strong><\/p>\n<p>Trabajamos con particulares, agencias y empresarios que comprenden el poder de la prueba social. Muchos de nuestros clientes satisfechos son clientes habituales porque nuestro servicio realmente ofrece resultados.<\/p>\n<p><strong> C\u00f3mo funciona:<\/strong><\/p>\n<ol>\n<li>Realizas tu pedido y proporcionas el enlace de tu perfil de Google Business.<\/li>\n<li>Opcionalmente, puedes sugerir puntos o frases espec\u00edficos para incluir en las rese\u00f1as.<\/li>\n<li>Asignamos tu pedido a nuestro equipo y amigos que publicar\u00e1n desde diferentes cuentas.<\/li>\n<li>Las rese\u00f1as comienzan a aparecer dentro de la ventana de entrega que Elige.<\/li>\n<\/ol>\n<p><strong>Empieza hoy<\/strong><\/p>\n<p>No dejes que tus competidores te adelanten con mejores valoraciones. Impulsa la visibilidad de tu negocio, aumenta la confianza de tus clientes y crece m\u00e1s r\u00e1pido con nuestro aut\u00e9ntico servicio de rese\u00f1as de Google.<\/p>\n<blockquote><p>\u2b50 <strong>Nota:<\/strong> Nunca publicamos rese\u00f1as falsas, enga\u00f1osas ni spam. Todas las rese\u00f1as son opiniones reales compartidas en lenguaje natural, lo que garantiza el pleno cumplimiento de los est\u00e1ndares \u00e9ticos.<\/p><\/blockquote>\n<p><strong>\u00bfListo para llevar tu reputaci\u00f3n al siguiente nivel? \u00a1Haz tu pedido ahora y observa c\u00f3mo suben tus valoraciones!<\/strong><\/p>\n","protected":false},"excerpt":{"rendered":"<p>Compre rese\u00f1as verificadas de Google para mejorar r\u00e1pidamente la credibilidad de su negocio y su reputaci\u00f3n en l\u00ednea.<\/p>\n","protected":false},"featured_media":436,"comment_status":"open","ping_status":"closed","template":"","meta":[],"product_brand":[],"product_cat":[46],"product_tag":[],"class_list":{"0":"post-406","1":"product","2":"type-product","3":"status-publish","4":"has-post-thumbnail","6":"product_cat-servises","8":"first","9":"instock","10":"shipping-taxable","11":"product-type-external"},"_links":{"self":[{"href":"https:\/\/pvabay.com\/es\/index.php?rest_route=\/wp\/v2\/product\/406","targetHints":{"allow":["GET"]}}],"collection":[{"href":"https:\/\/pvabay.com\/es\/index.php?rest_route=\/wp\/v2\/product"}],"about":[{"href":"https:\/\/pvabay.com\/es\/index.php?rest_route=\/wp\/v2\/types\/product"}],"replies":[{"embeddable":true,"href":"https:\/\/pvabay.com\/es\/index.php?rest_route=%2Fwp%2Fv2%2Fcomments&post=406"}],"wp:featuredmedia":[{"embeddable":true,"href":"https:\/\/pvabay.com\/es\/index.php?rest_route=\/wp\/v2\/media\/436"}],"wp:attachment":[{"href":"https:\/\/pvabay.com\/es\/index.php?rest_route=%2Fwp%2Fv2%2Fmedia&parent=406"}],"wp:term":[{"taxonomy":"product_brand","embeddable":true,"href":"https:\/\/pvabay.com\/es\/index.php?rest_route=%2Fwp%2Fv2%2Fproduct_brand&post=406"},{"taxonomy":"product_cat","embeddable":true,"href":"https:\/\/pvabay.com\/es\/index.php?rest_route=%2Fwp%2Fv2%2Fproduct_cat&post=406"},{"taxonomy":"product_tag","embeddable":true,"href":"https:\/\/pvabay.com\/es\/index.php?rest_route=%2Fwp%2Fv2%2Fproduct_tag&post=406"}],"curies":[{"name":"wp","href":"https:\/\/api.w.org\/{rel}","templated":true}]}}