{"id":151,"date":"2026-04-20T14:43:26","date_gmt":"2026-04-20T14:43:26","guid":{"rendered":"https:\/\/mailpva.com\/de\/pva\/6-months-old-google-voice-accounts\/"},"modified":"2026-04-21T10:09:28","modified_gmt":"2026-04-21T10:09:28","slug":"6-months-old-google-voice-accounts","status":"publish","type":"product","link":"https:\/\/pvabay.com\/de\/pva\/6-months-old-google-voice-accounts\/","title":{"rendered":"6 Monate alte Google Voice-Konten"},"content":{"rendered":"<p>Wenn Sie eine sichere und stabile Google-Voice-Nummer suchen, die vertrauensw\u00fcrdiger als ein ganz neues Konto ist, aber g\u00fcnstiger als 1- oder 2-j\u00e4hrige Varianten, dann sind unsere <a href=\"https:\/\/pvabay.com\/service\/buy-6-months-old-google-voice-accounts\/\">6 Monate alten Google Voice Accounts<\/a> eine starke Mittelklasse-L\u00f6sung.<\/p>\n<p>Diese Konten werden mit Gmail-Konten erstellt, die mindestens 6 Monate alt sind. Dadurch bieten sie oft bessere Vertrauenssignale, eine solidere Basis und ein geringeres Risiko als komplett neue Konten.<\/p>\n<p><strong>Was Sie erwarten k\u00f6nnen:<\/strong><\/p>\n<ul>\n<li>Mehr Stabilit\u00e4t als bei neuen Konten<\/li>\n<li>Gute Balance zwischen Preis und Zuverl\u00e4ssigkeit<\/li>\n<li>Geeignet f\u00fcr Verifizierungen, Kommunikation und t\u00e4gliche Nutzung<\/li>\n<li>Schnelle Lieferung und klare Zugangsdaten<\/li>\n<\/ul>\n<p>F\u00fcr viele K\u00e4ufer ist dies die praktischste Mischung aus Preis, Sicherheit und Nutzbarkeit.<\/p>\n","protected":false},"excerpt":{"rendered":"<p>Im Jahr 2024 erstellte Gmail-Konten sind neu und sehr leistungsstark. Lieferung in 30 Minuten bis 6 Stunden. Wir bieten 3 Tage Ersatzgarantie.<\/p>\n","protected":false},"featured_media":206,"comment_status":"open","ping_status":"closed","template":"","meta":[],"product_brand":[],"product_cat":[27],"product_tag":[],"class_list":{"0":"post-151","1":"product","2":"type-product","3":"status-publish","4":"has-post-thumbnail","6":"product_cat-google-voice","8":"first","9":"instock","10":"shipping-taxable","11":"product-type-external"},"_links":{"self":[{"href":"https:\/\/pvabay.com\/de\/wp-json\/wp\/v2\/product\/151","targetHints":{"allow":["GET"]}}],"collection":[{"href":"https:\/\/pvabay.com\/de\/wp-json\/wp\/v2\/product"}],"about":[{"href":"https:\/\/pvabay.com\/de\/wp-json\/wp\/v2\/types\/product"}],"replies":[{"embeddable":true,"href":"https:\/\/pvabay.com\/de\/wp-json\/wp\/v2\/comments?post=151"}],"wp:featuredmedia":[{"embeddable":true,"href":"https:\/\/pvabay.com\/de\/wp-json\/wp\/v2\/media\/206"}],"wp:attachment":[{"href":"https:\/\/pvabay.com\/de\/wp-json\/wp\/v2\/media?parent=151"}],"wp:term":[{"taxonomy":"product_brand","embeddable":true,"href":"https:\/\/pvabay.com\/de\/wp-json\/wp\/v2\/product_brand?post=151"},{"taxonomy":"product_cat","embeddable":true,"href":"https:\/\/pvabay.com\/de\/wp-json\/wp\/v2\/product_cat?post=151"},{"taxonomy":"product_tag","embeddable":true,"href":"https:\/\/pvabay.com\/de\/wp-json\/wp\/v2\/product_tag?post=151"}],"curies":[{"name":"wp","href":"https:\/\/api.w.org\/{rel}","templated":true}]}}