{"id":134,"date":"2026-04-20T14:43:25","date_gmt":"2026-04-20T14:43:25","guid":{"rendered":"https:\/\/mailpva.com\/de\/pva\/5-textnow-mobile\/"},"modified":"2026-04-21T10:09:23","modified_gmt":"2026-04-21T10:09:23","slug":"5-textnow-mobile","status":"publish","type":"product","link":"https:\/\/pvabay.com\/de\/pva\/5-textnow-mobile\/","title":{"rendered":"5 TextNow Mobile-Konten"},"content":{"rendered":"","protected":false},"excerpt":{"rendered":"<p>TextNow Mobile App. Anmeldung nur \u00fcber mobile Apps m\u00f6glich. F\u00fcr TextNow-Konten bieten wir keine Ersatzgarantie an.<\/p>\n","protected":false},"featured_media":201,"comment_status":"open","ping_status":"closed","template":"","meta":[],"product_brand":[],"product_cat":[26],"product_tag":[],"class_list":{"0":"post-134","1":"product","2":"type-product","3":"status-publish","4":"has-post-thumbnail","6":"product_cat-textnow","8":"first","9":"instock","10":"shipping-taxable","11":"product-type-external"},"_links":{"self":[{"href":"https:\/\/pvabay.com\/de\/wp-json\/wp\/v2\/product\/134","targetHints":{"allow":["GET"]}}],"collection":[{"href":"https:\/\/pvabay.com\/de\/wp-json\/wp\/v2\/product"}],"about":[{"href":"https:\/\/pvabay.com\/de\/wp-json\/wp\/v2\/types\/product"}],"replies":[{"embeddable":true,"href":"https:\/\/pvabay.com\/de\/wp-json\/wp\/v2\/comments?post=134"}],"wp:featuredmedia":[{"embeddable":true,"href":"https:\/\/pvabay.com\/de\/wp-json\/wp\/v2\/media\/201"}],"wp:attachment":[{"href":"https:\/\/pvabay.com\/de\/wp-json\/wp\/v2\/media?parent=134"}],"wp:term":[{"taxonomy":"product_brand","embeddable":true,"href":"https:\/\/pvabay.com\/de\/wp-json\/wp\/v2\/product_brand?post=134"},{"taxonomy":"product_cat","embeddable":true,"href":"https:\/\/pvabay.com\/de\/wp-json\/wp\/v2\/product_cat?post=134"},{"taxonomy":"product_tag","embeddable":true,"href":"https:\/\/pvabay.com\/de\/wp-json\/wp\/v2\/product_tag?post=134"}],"curies":[{"name":"wp","href":"https:\/\/api.w.org\/{rel}","templated":true}]}}